{"id":37,"date":"2025-05-14T18:32:23","date_gmt":"2025-05-14T18:32:23","guid":{"rendered":"https:\/\/mediumaquamarine-dinosaur-268431.hostingersite.com\/?page_id=37"},"modified":"2025-12-16T14:30:56","modified_gmt":"2025-12-16T14:30:56","slug":"sustainability-policy","status":"publish","type":"page","link":"https:\/\/aaabahia.com\/pt\/sustainability-policy\/","title":{"rendered":"Pol\u00edtica de Sustentabilidade"},"content":{"rendered":"<h2 class=\"wp-block-heading\">Miss\u00e3o<\/h2>\n\n\n\n<p>Na AAA Bahia, nossa miss\u00e3o \u00e9 atuar como um catalisador do turismo sustent\u00e1vel, desenvolvendo experi\u00eancias de viagem aut\u00eanticas que valorizem o patrim\u00f4nio cultural e natural \u00fanico de cada destino. Estamos comprometidos com a conserva\u00e7\u00e3o ambiental e buscamos minimizar os impactos negativos de nossas opera\u00e7\u00f5es, promovendo boas pr\u00e1ticas junto a nossos clientes e parceiros.<\/p>\n\n\n\n<p>Nosso compromisso tamb\u00e9m se estende ao fortalecimento das comunidades locais, garantindo que nossas viagens contribuam de forma positiva para o seu bem-estar social e econ\u00f4mico. Com foco em pr\u00e1ticas \u00e9ticas e na melhoria cont\u00ednua, buscamos promover conex\u00f5es significativas e manter os mais altos padr\u00f5es de sustentabilidade em todas as nossas atividades.<\/p>\n\n\n\n<h2 class=\"wp-block-heading\">\u00c2mbito<\/h2>\n\n\n\n<p>A AAA Bahia est\u00e1 comprometida em operar de forma respons\u00e1vel e em contribuir para o desenvolvimento sustent\u00e1vel do turismo no Brasil. Nossas a\u00e7\u00f5es concentram-se na redu\u00e7\u00e3o de impactos sociais, ambientais e culturais negativos, ao mesmo tempo em que promovem benef\u00edcios econ\u00f4micos e sociais positivos para as comunidades locais.<\/p>\n\n\n\n<p>Esta Pol\u00edtica de Sustentabilidade aplica-se a todas as opera\u00e7\u00f5es da AAA Bahia, bem como a seus colaboradores, fornecedores e parceiros.<br>Pol\u00edticas tem\u00e1ticas espec\u00edficas de sustentabilidade podem complementar este documento e s\u00e3o obrigat\u00f3rias para as atividades e fornecedores aos quais se aplicam.<\/p>\n\n\n\n<h2 class=\"wp-block-heading\">Gest\u00e3o de Sustentabilidade &amp; Conformidade Legal<\/h2>\n\n\n\n<p>A alta administra\u00e7\u00e3o da AAA Bahia apoia integralmente esta Pol\u00edtica de Sustentabilidade e \u00e9 respons\u00e1vel por sua implementa\u00e7\u00e3o e supervis\u00e3o.<\/p>\n\n\n\n<p>AAA Bahia:<\/p>\n\n\n\n<ul class=\"wp-block-list\">\n<li>Cumpre toda a legisla\u00e7\u00e3o local, regional, nacional e internacional aplic\u00e1vel;<\/li>\n\n\n\n<li>Compromete-se com a condu\u00e7\u00e3o \u00e9tica dos neg\u00f3cios e com a transpar\u00eancia;<\/li>\n\n\n\n<li>Atua de forma cont\u00ednua na melhoria de suas pr\u00e1ticas de sustentabilidade.<\/li>\n<\/ul>\n\n\n\n<p>Utilizamos estruturas e plataformas reconhecidas, como a Travelife, para monitorar, avaliar e reportar nosso desempenho em sustentabilidade. Nossas a\u00e7\u00f5es e objetivos de sustentabilidade s\u00e3o revisados periodicamente para garantir conformidade cont\u00ednua e progresso consistente.&nbsp;<strong>Travelife<\/strong>, to monitor, evaluate, and report on our sustainability performance. Our sustainability actions and objectives are reviewed periodically to ensure ongoing compliance and progress.<\/p>\n\n\n\n<h2 class=\"wp-block-heading\">Gest\u00e3o Interna: Pol\u00edticas Sociais &amp; Direitos Humanos<\/h2>\n\n\n\n<p>A AAA Bahia reconhece que seus colaboradores s\u00e3o fundamentais para o sucesso e a sustentabilidade de suas opera\u00e7\u00f5es. Dessa forma, comprometemo-nos a:<\/p>\n\n\n\n<ul class=\"wp-block-list\">\n<li>Proporcionar condi\u00e7\u00f5es de trabalho seguras, saud\u00e1veis e respeitosas;<\/li>\n\n\n\n<li>Garantir remunera\u00e7\u00e3o justa e total conformidade com a legisla\u00e7\u00e3o trabalhista;<\/li>\n\n\n\n<li>Promover inclus\u00e3o e igualdade de oportunidades, independentemente de g\u00eanero, ra\u00e7a, idade, religi\u00e3o, orienta\u00e7\u00e3o sexual ou qualquer outra caracter\u00edstica pessoal;<\/li>\n\n\n\n<li>Incentivar a participa\u00e7\u00e3o ativa dos colaboradores nas iniciativas de sustentabilidade;<\/li>\n\n\n\n<li>Oferecer treinamentos cont\u00ednuos em turismo sustent\u00e1vel e desenvolvimento profissional.<\/li>\n<\/ul>\n\n\n\n<h2 class=\"wp-block-heading\">Gest\u00e3o Interna: Pr\u00e1ticas Ambientais<\/h2>\n\n\n\n<p>Nosso compromisso ambiental inclui:<\/p>\n\n\n\n<ul class=\"wp-block-list\">\n<li>Redu\u00e7\u00e3o do consumo de recursos naturais nas opera\u00e7\u00f5es administrativas;<\/li>\n\n\n\n<li>Promo\u00e7\u00e3o da separa\u00e7\u00e3o de res\u00edduos e da reciclagem sempre que poss\u00edvel;<\/li>\n\n\n\n<li>Incentivo a pr\u00e1ticas de economia de energia e \u00e1gua;<\/li>\n\n\n\n<li>Prioridade ao uso de documentos digitais para redu\u00e7\u00e3o do consumo de papel;<\/li>\n\n\n\n<li>Incentivo ao uso de transporte p\u00fablico ou de alternativas de baixa emiss\u00e3o por colaboradores e clientes, sempre que vi\u00e1vel.<\/li>\n<\/ul>\n\n\n\n<h2 class=\"wp-block-heading\">Fornecedores e Parceiros<\/h2>\n\n\n\n<p>A AAA Bahia trabalha exclusivamente com fornecedores e parceiros que compartilham nosso compromisso com o turismo respons\u00e1vel e sustent\u00e1vel.<\/p>\n\n\n\n<p>Todos os fornecedores devem:<\/p>\n\n\n\n<ul class=\"wp-block-list\">\n<li>Cumprir a legisla\u00e7\u00e3o trabalhista, de direitos humanos, ambiental e anticorrup\u00e7\u00e3o;<\/li>\n\n\n\n<li>Respeitar os direitos das mulheres, dos trabalhadores e o bem-estar das comunidades locais;<\/li>\n\n\n\n<li>Proibir estritamente o trabalho infantil e qualquer forma de explora\u00e7\u00e3o infantil;<\/li>\n\n\n\n<li class=\"translation-block\">Aderir ao C\u00f3digo de \u00c9tica da AAA Bahia, incluindo cl\u00e1usulas relativas \u00e0 preven\u00e7\u00e3o da explora\u00e7\u00e3o sexual de crian\u00e7as e adolescentes no turismo.<\/li>\n<\/ul>\n\n\n\n<p>Pol\u00edticas setoriais espec\u00edficas de sustentabilidade (por exemplo, hospedagem, transporte, atividades) podem ser aplic\u00e1veis e s\u00e3o obrigat\u00f3rias para os fornecedores relevantes.<\/p>\n\n\n\n<h2 class=\"wp-block-heading\">Transporte<\/h2>\n\n\n\n<p>A AAA Bahia est\u00e1 comprometida em promover as solu\u00e7\u00f5es de transporte mais sustent\u00e1veis dispon\u00edveis.<\/p>\n\n\n\n<p>Sempre que poss\u00edvel:<\/p>\n\n\n\n<ul class=\"wp-block-list\">\n<li>Priorizamos o transporte terrestre em detrimento do transporte a\u00e9reo;<\/li>\n\n\n\n<li>Incentivamos o uso de bicicletas, caminhadas e transporte p\u00fablico;<\/li>\n\n\n\n<li>Otimizamos os roteiros para reduzir emiss\u00f5es desnecess\u00e1rias.<\/li>\n<\/ul>\n\n\n\n<h2 class=\"wp-block-heading\">Hospedagem e Atividades<\/h2>\n\n\n\n<p>Na AAA Bahia, a sustentabilidade \u00e9 um crit\u00e9rio central na concep\u00e7\u00e3o das experi\u00eancias de viagem.<\/p>\n\n\n\n<p>Damos prefer\u00eancia a hospedagens e atividades que:<\/p>\n\n\n\n<ul class=\"wp-block-list\">\n<li>Respeitem a cultura, a arquitetura e as tradi\u00e7\u00f5es locais;<\/li>\n\n\n\n<li>Minimizem impactos ambientais;<\/li>\n\n\n\n<li>Promovam o bem-estar animal;<\/li>\n\n\n\n<li>Gerem benef\u00edcios positivos para as comunidades locais.<\/li>\n<\/ul>\n\n\n\n<p>N\u00e3o oferecemos excurs\u00f5es ou atra\u00e7\u00f5es que envolvam animais em cativeiro, exceto quando estritamente regulamentadas e em total conformidade com a legisla\u00e7\u00e3o local, nacional e internacional. Todas as atividades envolvendo vida selvagem devem seguir c\u00f3digos de conduta reconhecidos, garantindo a prote\u00e7\u00e3o dos animais e a preserva\u00e7\u00e3o dos ecossistemas.<\/p>\n\n\n\n<p class=\"translation-block\">Esse compromisso \u00e9 formalmente regido pela Pol\u00edtica de Hospedagem Sustent\u00e1vel da AAA Bahia, que define crit\u00e9rios detalhados para a sele\u00e7\u00e3o, avalia\u00e7\u00e3o, monitoramento e colabora\u00e7\u00e3o com parceiros de hospedagem. Essa pol\u00edtica est\u00e1 alinhada \u00e0 Travelife para Operadores de Turismo, aos crit\u00e9rios do GSTC e \u00e0 legisla\u00e7\u00e3o brasileira, aplicando-se a todos os destinos em que a AAA Bahia atua.<\/p>\n\n\n\n<p>A AAA Bahia trabalha ativamente para minimizar perturba\u00e7\u00f5es aos ecossistemas naturais e assegura que as atividades oferecidas n\u00e3o causem danos \u00e0 natureza ou \u00e0s popula\u00e7\u00f5es locais.<\/p>\n\n\n\n<h2 class=\"wp-block-heading\">Destinos<\/h2>\n\n\n\n<p>A AAA Bahia prioriza atuar em destinos que integrem princ\u00edpios de desenvolvimento sustent\u00e1vel em suas estrat\u00e9gias de turismo.<\/p>\n\n\n\n<p>Ativamente:<\/p>\n\n\n\n<ul class=\"wp-block-list\">\n<li>Promovemos destinos alternativos para reduzir o turismo excessivo;<\/li>\n\n\n\n<li>Incentivamos o respeito aos direitos humanos, \u00e0 prote\u00e7\u00e3o ambiental e ao patrim\u00f4nio cultural;<\/li>\n\n\n\n<li>Apoiamos o desenvolvimento tur\u00edstico equilibrado que beneficie as comunidades anfitri\u00e3s.<\/li>\n<\/ul>\n\n\n\n<h2 class=\"wp-block-heading\">Comunica\u00e7\u00e3o &amp; Prote\u00e7\u00e3o ao Cliente<\/h2>\n\n\n\n<p>A AAA Bahia assegura uma comunica\u00e7\u00e3o transparente, honesta e respons\u00e1vel com seus clientes.<\/p>\n\n\n\n<p>Nossos compromissos incluem:<\/p>\n\n\n\n<ul class=\"wp-block-list\">\n<li>Informar os viajantes sobre os impactos sociais e ambientais de suas viagens;<\/li>\n\n\n\n<li>Oferecer alternativas sustent\u00e1veis de hospedagem, transporte e atividades;<\/li>\n\n\n\n<li>Proteger a privacidade e os dados pessoais dos clientes, em conformidade com a legisla\u00e7\u00e3o aplic\u00e1vel;<\/li>\n\n\n\n<li>Evitar o greenwashing, garantindo que todas as declara\u00e7\u00f5es de sustentabilidade sejam precisas, verific\u00e1veis e baseadas em evid\u00eancias.<\/li>\n<\/ul>\n\n\n\n<p>Todo o material de marketing, comunica\u00e7\u00e3o e vendas deve ser verdadeiro, completo e coerente com os servi\u00e7os prestados. Os colaboradores s\u00e3o plenamente informados sobre esse compromisso, e a AAA Bahia garante que todas as promessas feitas aos clientes sejam cumpridas.<\/p>\n\n\n\n<h2 class=\"wp-block-heading\">Monitoramento e Revis\u00e3o<\/h2>\n\n\n\n<p class=\"translation-block\">Esta Pol\u00edtica de Sustentabilidade \u00e9 revisada anualmente para assegurar a melhoria cont\u00ednua e o alinhamento com padr\u00f5es reconhecidos de sustentabilidade.<\/p>\n\n\n\n<p>Pol\u00edticas tem\u00e1ticas espec\u00edficas podem seguir ciclos de revis\u00e3o distintos, de acordo com sua relev\u00e2ncia operacional e requisitos de certifica\u00e7\u00e3o.<\/p>\n\n\n\n<p class=\"translation-block\">A implementa\u00e7\u00e3o desta pol\u00edtica \u00e9 uma responsabilidade compartilhada por toda a organiza\u00e7\u00e3o e \u00e9 coordenada pelo Coordenador de Sustentabilidade, com total apoio da gest\u00e3o.<\/p>\n\n\n\n<h2 class=\"wp-block-heading\">Related Policies<\/h2>\n\n\n\n<p>Esta Pol\u00edtica de Sustentabilidade \u00e9 complementada pelos seguintes documentos internos:<\/p>\n\n\n\n<ul class=\"wp-block-list\">\n<li>Pol\u00edtica de Hospedagem Sustent\u00e1vel da AAA Bahia<\/li>\n\n\n\n<li>C\u00f3digo de \u00c9tica para Fornecedores<\/li>\n\n\n\n<li>Pol\u00edtica de Prote\u00e7\u00e3o \u00e0 Crian\u00e7a e ao Adolescente<\/li>\n<\/ul>\n\n\n\n<h2 class=\"wp-block-heading\">Data de Vig\u00eancia<\/h2>\n\n\n\n<p class=\"translation-block\">Esta pol\u00edtica entra em vigor a partir de outubro de 2024 e foi atualizada pela \u00faltima vez em dezembro de 2025.\nSer\u00e1 revisada periodicamente para garantir sua cont\u00ednua relev\u00e2ncia e conformidade.<\/p>\n\n\n\n<hr class=\"wp-block-separator has-alpha-channel-opacity\"\/>\n\n\n\n<p>Para obter mais informa\u00e7\u00f5es sobre nossa Pol\u00edtica de Sustentabilidade, entre em contato:<\/p>\n\n\n\n<p><strong>Daniela Caja\u00edba<\/strong><br>info@aaabahia.com<\/p>\n\n\n\n<hr class=\"wp-block-separator has-alpha-channel-opacity\"\/>\n\n\n\n<p><strong><a href=\"https:\/\/aaabahia.com\/wp-content\/uploads\/Sustainability-Policy-of-AAA-Bahia-Final-PORT.pdf\" target=\"_blank\" rel=\"noreferrer noopener\">Download PDF<\/a><\/strong><\/p>","protected":false},"excerpt":{"rendered":"<p>Mission At AAA Bahia, our mission is to be a catalyst for sustainable tourism by crafting authentic travel experiences that celebrate the unique cultural and natural heritage of each destination. We are committed to environmental conservation and strive to minimize the negative impacts of our operations by promoting best practices among our clients and partners. [&hellip;]<\/p>","protected":false},"author":1,"featured_media":0,"parent":0,"menu_order":0,"comment_status":"closed","ping_status":"closed","template":"","meta":{"footnotes":""},"class_list":["post-37","page","type-page","status-publish","hentry"],"_links":{"self":[{"href":"https:\/\/aaabahia.com\/pt\/wp-json\/wp\/v2\/pages\/37","targetHints":{"allow":["GET"]}}],"collection":[{"href":"https:\/\/aaabahia.com\/pt\/wp-json\/wp\/v2\/pages"}],"about":[{"href":"https:\/\/aaabahia.com\/pt\/wp-json\/wp\/v2\/types\/page"}],"author":[{"embeddable":true,"href":"https:\/\/aaabahia.com\/pt\/wp-json\/wp\/v2\/users\/1"}],"replies":[{"embeddable":true,"href":"https:\/\/aaabahia.com\/pt\/wp-json\/wp\/v2\/comments?post=37"}],"version-history":[{"count":10,"href":"https:\/\/aaabahia.com\/pt\/wp-json\/wp\/v2\/pages\/37\/revisions"}],"predecessor-version":[{"id":72,"href":"https:\/\/aaabahia.com\/pt\/wp-json\/wp\/v2\/pages\/37\/revisions\/72"}],"wp:attachment":[{"href":"https:\/\/aaabahia.com\/pt\/wp-json\/wp\/v2\/media?parent=37"}],"curies":[{"name":"wp","href":"https:\/\/api.w.org\/{rel}","templated":true}]}}